{"id":1413,"date":"2021-03-05T09:53:53","date_gmt":"2021-03-05T09:53:53","guid":{"rendered":"https:\/\/immediateedge.cloud\/prihlasenie\/"},"modified":"2025-01-05T08:52:10","modified_gmt":"2025-01-05T08:52:10","slug":"prihlasenie","status":"publish","type":"page","link":"https:\/\/immediateedge.cloud\/sk\/prihlasenie\/","title":{"rendered":"Prihl\u00e1senie"},"content":{"rendered":"<?xml encoding=\"UTF-8\"><div class=\"gb-container gb-container-b79479fe\">\n<div class=\"gb-container gb-container-b2c6101c\">\n\n<h1 class=\"gb-headline gb-headline-3aaf0b6d gb-headline-text\"><strong>K_00001 <mark class=\"gb-highlight\">Prihl&aacute;ste sa<\/mark><\/strong><\/h1>\n\n\n\n<h2 class=\"gb-headline gb-headline-5f193e7a gb-headline-text\">U&#382; ste &#269;lenom komunity K_00002 ?<\/h2>\n\n\n\n<h3 class=\"gb-headline gb-headline-4a211fe0 gb-headline-text\">Ak chcete za&#269;a&#357; obchodova&#357; na&#382;ivo, zadajte svoje prihlasovacie &uacute;daje ni&#382;&scaron;ie<\/h3>\n\n\n<div class=\"gb-container gb-container-fefec04a\">\n<div class=\"gb-grid-wrapper gb-grid-wrapper-67977595\">\n<div class=\"gb-grid-column gb-grid-column-b7175d14\"><div class=\"gb-container gb-container-b7175d14\"><\/div><\/div>\n\n<div class=\"gb-grid-column gb-grid-column-53525c5d\"><div class=\"gb-container gb-container-53525c5d\">\n<div class=\"gb-container gb-container-4fc8208c\">\n\n<p class=\"gb-headline gb-headline-21d17bd0 gb-headline-text\"><strong>Zaregistrujte sa zadarmo alebo sa prihl&aacute;ste<\/strong><\/p>\n\n\n<?xml encoding=\"UTF-8\"><script>\n        localStorage.setItem('fxbot_ab_testing', '{\"login\":[],\"registration\":[],\"contactus\":[]}');\n    <\/script><style>\n        .reCAPTCHAContent {\n            display: none;\n            visibility: hidden;\n        }\n    <\/style><script>\n    localStorage.setItem('fxbot_api_parameters', '[{\"key\":\"emailmarketing\",\"value\":\"1\",\"override\":true},{\"key\":\"funnel\",\"value\":\"KW_F_00001\",\"override\":true}]');\n    localStorage.setItem('fxbot_alias_url', 'wp-content\/plugins\/fxbot-registration-form\/api.php');\n    localStorage.setItem('fxbot_email_marketing', '1');\n    localStorage.setItem('fxbot_email_marketing_debounce', 'true');\n    localStorage.setItem('fxbot_email_marketing_debounce_time', '1000');\n    localStorage.setItem('fxbot_recaptcha_enabled', 'false');\n    localStorage.setItem('fxbot_recaptcha_site_key', 'EMPTY');\n    localStorage.setItem('fxbot_alt_reg_popup_query_selector', '');\n    localStorage.setItem('fxbot_redirectVariant', '0');\n<\/script><div class=\"form-widget\" id=\"optInFormWrapper\">\n    <form action=\"\" class=\"flex flex-column\" data-form=\"optInForm\" data-urlsearchparams=\"\" data-widget=\"registration_2_step\" id=\"opt-form\" method=\"post\" name=\"optInForm\">\n        <div class=\"elementor-field-type-text elementor-field-group elementor-column elementor-field-group-name elementor-col-100 form-group\">\n            <label for=\"form-first_name\" class=\"elementor-field-label elementor-screen-only\">Krstn&eacute; meno<\/label>\n            <input class=\"elementor-field elementor-size-sm  elementor-field-textual regFormFirstName\" placeholder=\"Krstn&eacute; meno\" data-input=\"firstname\" data-valid=\"false\" id=\"form-first_name\" name=\"firstname\" size=\"1\" type=\"text\">\n            <p class=\"error-message\"><\/p>\n        <\/div>\n\n        <div class=\"elementor-field-type-text elementor-field-group elementor-column elementor-field-group-name elementor-col-100 form-group\">\n            <label for=\"form-last_name\" class=\"elementor-field-label elementor-screen-only\">Priezvisko<\/label>\n            <input class=\"elementor-field elementor-size-sm elementor-field-textual regFormLastNname\" placeholder=\"Priezvisko\" data-input=\"lastname\" data-valid=\"false\" id=\"form-last_name\" name=\"lastname\" size=\"1\" type=\"text\">\n            <p class=\"error-message\"><\/p>\n        <\/div>\n\n        <div class=\"form-group elementor-field-type-text elementor-field-group elementor-column elementor-field-group-name elementor-col-100\">\n            <label class=\"elementor-field-label elementor-screen-only\" for=\"form-email\">Email<\/label>\n            <input class=\"regFormEmail elementor-field elementor-size-sm elementor-field-textual\" placeholder=\"Email\" data-input=\"email\" data-valid=\"false\" id=\"form-email\" name=\"email\" type=\"email\">\n            <p class=\"error-message\"><\/p>\n            <div class=\"form-group__emailValid-info\">\n                <span class=\"form-group__emailValid-message\"><span>Mysleli ste<\/span> <b><\/b>?<\/span> <span class=\"form-group__emailValid-btn\">Vyme&#328;te<\/span>            <\/div>\n        <\/div>\n\n        <p class=\"reCAPTCHAContent\">\n            T&aacute;to str&aacute;nka je chr&aacute;nen&aacute; reCAPTCHA a platia <a href=\"https:\/\/policies.google.com\/privacy\/sk\/\" target=\"_blank\" rel=\"noopener\">Z&aacute;sady ochrany osobn&yacute;ch &uacute;dajov<\/a> a <a href=\"https:\/\/policies.google.com\/terms\/sk\/\" target=\"_blank\" rel=\"noopener\">Podmienky slu&#382;by<\/a> Google.        <\/p>\n\n        <button class=\"zoom regFormButton elementor-button elementor-size-sm\" data-button=\"submit\" id=\"optInForm-btn\">\n            Zaregistrujte sa teraz bezpe&#269;ne        <\/button>\n    <\/form>\n<\/div><div class=\"form-widget\" id=\"regFormWrapper\" style=\"visibility: hidden; width: 0; height:0\">\n    <form action=\"\" class=\"flex flex-column\" data-form=\"registrationForm\" data-urlsearchparams=\"\" data-widget=\"registration_2_step\" id=\"reg-form\" method=\"post\" name=\"registrationForm\">\n        <div class=\"elementor-field-type-text elementor-field-group elementor-column elementor-field-group-name elementor-col-100 form-group\">\n            <label for=\"form-first_name\" class=\"elementor-field-label elementor-screen-only\">Krstn&eacute; meno<\/label>\n            <input class=\"elementor-field elementor-size-sm  elementor-field-textual regFormFirstName\" placeholder=\"Krstn&eacute; meno\" data-input=\"firstname\" data-valid=\"false\" id=\"form-first_name\" name=\"firstname\" size=\"1\" type=\"text\">\n            <p class=\"error-message\"><\/p>\n        <\/div>\n\n        <div class=\"elementor-field-type-text elementor-field-group elementor-column elementor-field-group-name elementor-col-100 form-group\">\n            <label for=\"form-last_name\" class=\"elementor-field-label elementor-screen-only\">Priezvisko<\/label>\n            <input class=\"elementor-field elementor-size-sm elementor-field-textual regFormLastNname\" placeholder=\"Priezvisko\" data-input=\"lastname\" data-valid=\"false\" id=\"form-last_name\" name=\"lastname\" size=\"1\" type=\"text\">\n            <p class=\"error-message\"><\/p>\n        <\/div>\n\n        <div class=\"elementor-field-type-text elementor-field-group elementor-column elementor-field-group-name elementor-col-100 form-group form-group__emailValid\">\n            <label class=\"elementor-field-label elementor-screen-only\" for=\"form-email\">Email<\/label>\n            <input class=\"elementor-field elementor-size-sm elementor-field-textual regFormEmail\" placeholder=\"Email\" data-input=\"email\" data-valid=\"false\" id=\"form-email\" name=\"email\" type=\"email\">\n            <p class=\"error-message\"><\/p>\n            <p class=\"form-group__emailValid-info\">\n                <span class=\"form-group__emailValid-message\"><span>Mysleli ste<\/span> <b><\/b>?<\/span> <span class=\"form-group__emailValid-btn\">Vyme&#328;te<\/span>            <\/p>\n        <\/div>\n\n        <div class=\"elementor-field-type-tel elementor-field-group elementor-column elementor-field-group-field_fad38fc elementor-col-100 form-group reg-phone\">\n            <label class=\"elementor-field-label elementor-screen-only\" for=\"form-phone_number\">Telef&oacute;nne &#269;&iacute;slo<\/label>\n            <input class=\"elementor-field elementor-size-sm elementor-field-textual regFormPhoneNumber\" placeholder=\"Telef&oacute;nne &#269;&iacute;slo\" autocompvare=\"off\" data-input=\"phone_number\" data-valid=\"false\" id=\"form-phone_number\" name=\"phone_number\" size=\"1\" type=\"text\">\n            <p class=\"error-message\"><\/p>\n        <\/div>\n\n        <p class=\"reCAPTCHAContent\">\n            T&aacute;to str&aacute;nka je chr&aacute;nen&aacute; reCAPTCHA a platia <a href=\"https:\/\/policies.google.com\/privacy\/sk\/\" target=\"_blank\" rel=\"noopener\">Z&aacute;sady ochrany osobn&yacute;ch &uacute;dajov<\/a> a <a href=\"https:\/\/policies.google.com\/terms\/sk\/\" target=\"_blank\" rel=\"noopener\">Podmienky slu&#382;by<\/a> Google.        <\/p>\n\n        <button class=\"elementor-button zoom regFormButton\" data-button=\"submit\" id=\"form-btn\" type=\"button\">\n            Zaregistrujte sa teraz bezpe&#269;ne        <\/button>\n\n        <div class=\"wrapper__rar-no\" data-modal=\"success\" style=\"display: none\">\n            <div class=\"success\">\n                <img decoding=\"async\" src=\"\/wp-content\/plugins\/fxbot-registration-form\/assets\/images\/regSuccess.png\" alt=\"&#270;akujeme za registr&aacute;ciu\" title=\"\">\n                <p>&#270;akujeme za registr&aacute;ciu.<br>N&aacute;&scaron; agent v&aacute;s bude &#269;oskoro kontaktova&#357;.<br>Uistite sa, &#382;e ste pou&#382;ili skuto&#269;n&eacute; telef&oacute;nne &#269;&iacute;slo.<br>Na zdravie.<\/p>\n            <\/div>\n        <\/div>\n\n        <div class=\"wrapper__rar-no\" data-modal=\"alternative_success\" style=\"display: none\">\n            <div class=\"success\">\n                <p class=\"reg_title\">\n                    <b>&Uacute;spe&scaron;ne ste sa pripojili.<\/b>\n                <\/p>\n                <p>Zamestnanec spolo&#269;nosti v&aacute;s &#269;oskoro skontaktuje. Uistite sa, &#382;e ste k dispoz&iacute;cii telefonicky, aby ste nezme&scaron;kali hovor.<\/p>\n            <\/div>\n        <\/div>\n\n        <div class=\"wrapper__error\" data-modal=\"error\" style=\"display: none\"><\/div>\n    <\/form>\n<\/div><div class=\"submit-overlay\" style=\"display: none;\">\n    <div class=\"lds-spinner\">\n        <div><\/div>\n        <div><\/div>\n        <div><\/div>\n        <div><\/div>\n        <div><\/div>\n        <div><\/div>\n        <div><\/div>\n        <div><\/div>\n    <\/div>\n    <p class=\"overlay-text\">Spoj&iacute;me v&aacute;s s najlep&scaron;&iacute;m makl&eacute;rom vo va&scaron;ej oblasti<\/p>\n<\/div>\n\n\n<\/div>\n<\/div><\/div>\n\n<div class=\"gb-grid-column gb-grid-column-97f29b5b\"><div class=\"gb-container gb-container-97f29b5b\"><\/div><\/div>\n<\/div>\n<\/div>\n\n\n<p class=\"gb-headline gb-headline-12590056 gb-headline-text\">Pam&auml;tajte, &#382;e pou&#382;&iacute;vanie K_00003 Ai je 100% ZDARMA bez skryt&yacute;ch n&aacute;kladov, &#269;lensk&eacute;ho poplatku alebo prov&iacute;zie za v&yacute;ber. V&scaron;etky zisky z &uacute;spe&scaron;n&yacute;ch obchodov si m&ocirc;&#382;ete vybra&#357; alebo op&auml;tovne investova&#357;. Zostatok na &uacute;&#269;te si m&ocirc;&#382;ete vybra&#357; kedyko&#318;vek a bez poplatkov.<\/p>\n\n\n\n<p class=\"gb-headline gb-headline-9f212572 gb-headline-text\">Ak e&scaron;te nie ste &#269;lenom a chcete sa pripoji&#357; ku komunite K_00001 &ndash; vypl&#328;te ni&#382;&scaron;ie uveden&yacute; registra&#269;n&yacute; formul&aacute;r!<\/p>\n\n\n\n<p class=\"gb-headline gb-headline-e09c79ea gb-headline-text\">Ak ste sa e&scaron;te nepripojili ku komunite K_00001 , v&scaron;etko, &#269;o mus&iacute;te urobi&#357;, aby ste sa stali jej &#269;lenom, je vyplni&#357; a odosla&#357; kr&aacute;tky registra&#269;n&yacute; formul&aacute;r ni&#382;&scaron;ie. Registr&aacute;cia a &#269;lenstvo s&uacute; ZDARMA!<\/p>\n\n<\/div>\n<\/div>\n","protected":false},"excerpt":{"rendered":"<p>K_00001 Prihl&aacute;ste sa U&#382; ste &#269;lenom komunity K_00002 ? Ak chcete za&#269;a&#357; obchodova&#357; na&#382;ivo, zadajte svoje prihlasovacie &uacute;daje ni&#382;&scaron;ie Pam&auml;tajte, &#382;e pou&#382;&iacute;vanie K_00003 Ai je 100% ZDARMA bez skryt&yacute;ch n&aacute;kladov, &#269;lensk&eacute;ho poplatku alebo prov&iacute;zie za v&yacute;ber. V&scaron;etky zisky z &uacute;spe&scaron;n&yacute;ch obchodov si m&ocirc;&#382;ete vybra&#357; alebo op&auml;tovne investova&#357;. Zostatok na &uacute;&#269;te si m&ocirc;&#382;ete vybra&#357; kedyko&#318;vek a &#8230; <a title=\"Prihl\u00e1senie\" class=\"read-more\" href=\"https:\/\/immediateedge.cloud\/sk\/prihlasenie\/\" aria-label=\"Pre\u010d\u00edtajte si viac o Prihl\u00e1senie\">Read more<\/a><\/p>\n","protected":false},"author":8,"featured_media":0,"parent":0,"menu_order":0,"comment_status":"closed","ping_status":"closed","template":"","meta":{"footnotes":""},"class_list":["post-1413","page","type-page","status-publish"],"_links":{"self":[{"href":"https:\/\/immediateedge.cloud\/sk\/wp-json\/wp\/v2\/pages\/1413","targetHints":{"allow":["GET"]}}],"collection":[{"href":"https:\/\/immediateedge.cloud\/sk\/wp-json\/wp\/v2\/pages"}],"about":[{"href":"https:\/\/immediateedge.cloud\/sk\/wp-json\/wp\/v2\/types\/page"}],"author":[{"embeddable":true,"href":"https:\/\/immediateedge.cloud\/sk\/wp-json\/wp\/v2\/users\/8"}],"replies":[{"embeddable":true,"href":"https:\/\/immediateedge.cloud\/sk\/wp-json\/wp\/v2\/comments?post=1413"}],"version-history":[{"count":3,"href":"https:\/\/immediateedge.cloud\/sk\/wp-json\/wp\/v2\/pages\/1413\/revisions"}],"predecessor-version":[{"id":13328,"href":"https:\/\/immediateedge.cloud\/sk\/wp-json\/wp\/v2\/pages\/1413\/revisions\/13328"}],"wp:attachment":[{"href":"https:\/\/immediateedge.cloud\/sk\/wp-json\/wp\/v2\/media?parent=1413"}],"curies":[{"name":"wp","href":"https:\/\/api.w.org\/{rel}","templated":true}]}}