{"id":1544,"date":"2021-03-05T09:54:16","date_gmt":"2021-03-05T09:54:16","guid":{"rendered":"https:\/\/immediateedge.cloud\/prywatnosc\/"},"modified":"2024-09-01T12:44:26","modified_gmt":"2024-09-01T12:44:26","slug":"prywatnosc","status":"publish","type":"page","link":"https:\/\/immediateedge.cloud\/pl\/prywatnosc\/","title":{"rendered":"Prywatno\u015b\u0107"},"content":{"rendered":"<?xml encoding=\"UTF-8\"><div class=\"gb-container gb-container-534154cf\">\n<div class=\"gb-container gb-container-7f135264\">\n\n<h1 class=\"bold text-center big-font contact-us-header\">Polityka prywatno&#347;ci oprogramowania<\/h1>\n<p>Klikaj&#261;c na &ldquo;Kontynuuj&rdquo;, dajesz nam zgod&#281; na wysy&#322;anie Ci e-maili o naszych ofertach. Je&#347;li zdecydowa&#322;e&#347; si&#281; nie otrzymywa&#263; wi&#281;cej e-maili, zawsze mo&#380;esz zrezygnowa&#263; w dowolnym momencie na dole ka&#380;dego e-maila.<\/p>\n<p>Oprogramowanie szanuje prywatno&#347;&#263; ka&#380;dej osoby, kt&oacute;ra odwiedza nasze strony internetowe. Niniejsze o&#347;wiadczenie o ochronie prywatno&#347;ci informuje o standardach i warunkach, na jakich The Software chroni prywatno&#347;&#263; informacji dostarczanych przez osoby odwiedzaj&#261;ce strony w sieci WWW, kt&oacute;re s&#261; w&#322;asno&#347;ci&#261; i s&#261; zarz&#261;dzane przez The Software, w tym The Software i The Software. Niniejsze o&#347;wiadczenie o ochronie prywatno&#347;ci zawiera informacje o naszych praktykach w zakresie gromadzenia informacji oraz o sposobach, w jakie informacje te mog&#261; by&#263; wykorzystywane. Ta polityka mo&#380;e si&#281; zmienia&#263; od czasu do czasu, wi&#281;c prosz&#281; sprawdza&#263; okresowo, aby zapozna&#263; si&#281; z tymi informacjami.<\/p>\n<h2>A. Informacje identyfikowalne osobowo:<\/h2>\n<p>Oprogramowanie zazwyczaj otrzymuje okre&#347;lone dane o osobach odwiedzaj&#261;cych stron&#281; internetow&#261; tylko wtedy, gdy takie informacje s&#261; podawane dobrowolnie, np. gdy osoby odwiedzaj&#261;ce stron&#281; prosz&#261; o informacje, zakup lub zapisanie si&#281; na us&#322;ugi, otwieraj&#261; bilet zapytania do dzia&#322;u obs&#322;ugi klienta, podaj&#261; informacje o CV w celu znalezienia pracy lub wysy&#322;aj&#261; nam e-mail. Oczywi&#347;cie niekt&oacute;re z tych dzia&#322;a&#324; wymagaj&#261; podania informacji przez u&#380;ytkownika, np. gdy dokonuje on zakupu, u&#380;ywa karty kredytowej do zap&#322;aty za us&#322;ugi, przesy&#322;a sw&oacute;j &#380;yciorys lub prosi o okre&#347;lone informacje. Kiedy podajesz firmie The Software informacje umo&#380;liwiaj&#261;ce identyfikacj&#281; u&#380;ytkownika za po&#347;rednictwem jednej z naszych stron internetowych, zostan&#261; one wykorzystane do spe&#322;nienia Twojego konkretnego &#380;&#261;dania. W wi&#281;kszo&#347;ci przypadk&oacute;w u&#380;ytkownik b&#281;dzie mia&#322; mo&#380;liwo&#347;&#263; wyboru, czy chce, czy nie chce, aby The Software wykorzysta&#322; te informacje do dodatkowych cel&oacute;w. U&#380;ytkownik mo&#380;e r&oacute;wnie&#380; za&#380;&#261;da&#263;, aby The Software nie wykorzystywa&#322;o jego informacji, wysy&#322;aj&#261;c e-mail na adres:&nbsp;support@fxrevenge.net, jednak&#380;e The Software zastrzega sobie prawo, wed&#322;ug w&#322;asnego uznania, do wysy&#322;ania u&#380;ytkownikowi biuletyn&oacute;w i innych wa&#380;nych informacji dotycz&#261;cych us&#322;ug The Software. Bez &#380;adnych instrukcji ze strony u&#380;ytkownika, The Software mo&#380;e wykorzysta&#263; podane informacje do informowania u&#380;ytkownika o dodatkowych us&#322;ugach i produktach oferowanych przez rodzin&#281; firm The Software, autoryzowanych agent&oacute;w The Software oraz innych dostawc&oacute;w towar&oacute;w i us&#322;ug, z kt&oacute;rymi The Software utrzymuje relacje i kt&oacute;rych oferta mo&#380;e by&#263; dla u&#380;ytkownika interesuj&#261;ca. Oprogramowanie nie b&#281;dzie jednak sprzedawa&#263; ani wymienia&#263; informacji umo&#380;liwiaj&#261;cych identyfikacj&#281; u&#380;ytkownika, chyba &#380;e zostaniemy do tego upowa&#380;nieni lub prawnie zobowi&#261;zani, lub w przypadku nieuchronnej szkody fizycznej dla odwiedzaj&#261;cego lub innych os&oacute;b. Na tych stronach The Software, gdzie u&#380;ytkownik mo&#380;e poda&#263; The Software kart&#281; kredytow&#261; lub inne informacje dotycz&#261;ce zam&oacute;wienia za po&#347;rednictwem sieci, The Software chroni i zabezpiecza te informacje stosuj&#261;c komercyjnie zwyczajowe sieciowe protoko&#322;y bezpiecze&#324;stwa i szyfrowania, kt&oacute;rych przyk&#322;ady obejmuj&#261; Secure Socket Layer (SSL) i Secure Electronic Transaction (SET). Na stronach, na kt&oacute;rych u&#380;ytkownik dobrowolnie oferuje jakiekolwiek opinie, dane, odpowiedzi, pytania, komentarze, sugestie, pomys&#322;y lub podobne, The Software b&#281;dzie traktowa&#263; t&#281; cz&#281;&#347;&#263; informacji jako niepoufn&#261; i niezastrze&#380;on&#261; i, z wyj&#261;tkiem sytuacji wyra&#380;onych inaczej w niniejszym o&#347;wiadczeniu o prywatno&#347;ci, The Software nie przyjmuje &#380;adnych zobowi&#261;za&#324; do ochrony takich informacji przed ujawnieniem.<\/p>\n<p>Przyk&#322;ad&oacute;w zawartych w tych materia&#322;ach nie nale&#380;y traktowa&#263; jako obietnicy lub gwarancji zarobk&oacute;w. Potencja&#322; zarobkowy jest ca&#322;kowicie zale&#380;ny od osoby korzystaj&#261;cej z naszego produktu, pomys&#322;&oacute;w, technik i w&#322;o&#380;onego wysi&#322;ku. Nie traktujemy tego jako &ldquo;schematu wzbogacania si&#281;&rdquo; i nie powiniene&#347; tego tak postrzega&#263;.<\/p>\n<h2>B. Informacje nieidentyfikowalne osobowo (og&oacute;lne):<\/h2>\n<p>Og&oacute;lnie rzecz bior&#261;c, Oprogramowanie zbiera pewne og&oacute;lne informacje automatycznie. Informacje og&oacute;lne nie ujawniaj&#261; to&#380;samo&#347;ci odwiedzaj&#261;cego. Zazwyczaj zawiera on informacje o adresie internetowym przypisanym do komputera u&#380;ytkownika, liczbie i cz&#281;stotliwo&#347;ci odwiedzin oraz odwiedzanych stronach The Software. Oprogramowanie gromadzi te informacje w ograniczonym celu okre&#347;lenia potrzeb zwi&#261;zanych z obs&#322;ug&#261; klienta i stron&#261; internetow&#261;. Osi&#261;gamy to za pomoc&#261; pewnych technologii, w tym &ldquo;cookies&rdquo; (technologia, kt&oacute;ra mo&#380;e by&#263; u&#380;ywana do dostarczania odwiedzaj&#261;cym dostosowanych do ich potrzeb informacji o us&#322;ugach The Software). Oprogramowanie nie &#322;&#261;czy informacji zebranych w ten spos&oacute;b z &#380;adnymi informacjami umo&#380;liwiaj&#261;cymi identyfikacj&#281; osoby. Mo&#380;esz ustawi&#263; swoj&#261; przegl&#261;dark&#281; tak, aby informowa&#322;a Ci&#281; o otrzymaniu pliku cookie i mo&#380;esz odm&oacute;wi&#263; jego przyj&#281;cia.<\/p>\n<h2>C. Twoja strona internetowa hostowana przez The Software, serwer, tablice og&#322;osze&#324;, forum, witryny stron trzecich:<\/h2>\n<p>Informacje ujawnione w przestrzeni publicznej, w tym na wszelkich tablicach og&#322;osze&#324;, czatach lub stronach internetowych, kt&oacute;re The Software mo&#380;e udost&#281;pnia&#263; w ramach us&#322;ug The Software, s&#261; dost&#281;pne dla wszystkich innych os&oacute;b odwiedzaj&#261;cych t&#281; przestrze&#324;. Oprogramowanie nie mo&#380;e zabezpieczy&#263; &#380;adnych informacji ujawnionych przez u&#380;ytkownika w tych miejscach. Dodatkowo strony internetowe The Software zawieraj&#261; linki do stron nale&#380;&#261;cych do os&oacute;b trzecich niezwi&#261;zanych z The Software. Oprogramowanie nie mo&#380;e chroni&#263; &#380;adnych informacji, kt&oacute;re u&#380;ytkownik mo&#380;e ujawni&#263; na tych stronach i zaleca zapoznanie si&#281; z polityk&#261; prywatno&#347;ci odwiedzanych stron.<\/p>\n<h2>D. Wyj&#261;tki i ograniczenia:<\/h2>\n<div id=\"inner_content-2-25\" class=\"ct-inner-content\">\n<section id=\"section-5-28\" class=\" ct-section\">\n<div class=\"ct-section-inner-wrap\">\n<div id=\"inner_content-6-28\" class=\"ct-inner-content\">\n<p>Niezale&#380;nie od powy&#380;szego i zgodnie z obowi&#261;zuj&#261;cym prawem, Oprogramowanie (i) w pe&#322;ni wsp&oacute;&#322;pracuje z urz&#281;dnikami stanowymi, lokalnymi i federalnymi we wszelkich dochodzeniach dotycz&#261;cych jakichkolwiek tre&#347;ci (w tym osobistych lub prywatnych wiadomo&#347;ci elektronicznych przesy&#322;anych do Oprogramowania) lub domniemanych bezprawnych dzia&#322;a&#324; jakiegokolwiek u&#380;ytkownika Us&#322;ugi, oraz (ii) podejmuje uzasadnione &#347;rodki w celu ochrony swoich praw w&#322;asno&#347;ci. Dla ograniczonych cel&oacute;w realizacji takiej wsp&oacute;&#322;pracy i &#347;rodk&oacute;w oraz zgodnie z obowi&#261;zuj&#261;cym prawem, The Software mo&#380;e by&#263; zobowi&#261;zany do ujawnienia informacji umo&#380;liwiaj&#261;cych identyfikacj&#281; osoby. Ponadto, The Software mo&#380;e zdecydowa&#263; si&#281; na monitorowanie obszar&oacute;w komunikacji dowolnego rodzaju (i) w celu spe&#322;nienia wymog&oacute;w prawa, przepis&oacute;w lub &#380;&#261;dania w&#322;adz; (ii) je&#347;li takie ujawnienie jest niezb&#281;dne lub w&#322;a&#347;ciwe dla dzia&#322;ania Oprogramowania; lub (iii) w celu ochrony praw lub w&#322;asno&#347;ci firmy The Software lub innych os&oacute;b. W zwi&#261;zku z potencjaln&#261; sprzeda&#380;&#261; lub przeniesieniem jakiegokolwiek udzia&#322;u w The Software i The Software oraz innych witrynach nale&#380;&#261;cych do firmy, The Software zastrzega sobie prawo do sprzeda&#380;y lub przeniesienia informacji o u&#380;ytkowniku (w tym, ale nie tylko, imienia i nazwiska, danych adresowych i innych informacji dostarczonych do The Software) do osoby trzeciej, kt&oacute;ra (i) koncentruje swoj&#261; dzia&#322;alno&#347;&#263; na produktach lub us&#322;ugach komunikacyjnych; (ii) wyra&#380;a zgod&#281; na bycie nast&#281;pc&#261; prawnym The Software w zakresie utrzymania i ochrony informacji gromadzonych i przechowywanych przez The Software; oraz (iii) wyra&#380;a zgod&#281; na zobowi&#261;zania wynikaj&#261;ce z niniejszej deklaracji politycznej.<\/p>\n<\/div>\n<\/div>\n<\/section>\n<\/div>\n\n<\/div>\n<\/div>\n","protected":false},"excerpt":{"rendered":"<p>Polityka prywatno&#347;ci oprogramowania Klikaj&#261;c na &ldquo;Kontynuuj&rdquo;, dajesz nam zgod&#281; na wysy&#322;anie Ci e-maili o naszych ofertach. Je&#347;li zdecydowa&#322;e&#347; si&#281; nie otrzymywa&#263; wi&#281;cej e-maili, zawsze mo&#380;esz zrezygnowa&#263; w dowolnym momencie na dole ka&#380;dego e-maila. Oprogramowanie szanuje prywatno&#347;&#263; ka&#380;dej osoby, kt&oacute;ra odwiedza nasze strony internetowe. Niniejsze o&#347;wiadczenie o ochronie prywatno&#347;ci informuje o standardach i warunkach, na jakich &#8230; <a title=\"Prywatno\u015b\u0107\" class=\"read-more\" href=\"https:\/\/immediateedge.cloud\/pl\/prywatnosc\/\" aria-label=\"Dowiedz si\u0119 wi\u0119cej o Prywatno\u015b\u0107\">Czytaj dalej<\/a><\/p>\n","protected":false},"author":8,"featured_media":0,"parent":0,"menu_order":0,"comment_status":"closed","ping_status":"closed","template":"","meta":{"footnotes":""},"class_list":["post-1544","page","type-page","status-publish"],"_links":{"self":[{"href":"https:\/\/immediateedge.cloud\/pl\/wp-json\/wp\/v2\/pages\/1544","targetHints":{"allow":["GET"]}}],"collection":[{"href":"https:\/\/immediateedge.cloud\/pl\/wp-json\/wp\/v2\/pages"}],"about":[{"href":"https:\/\/immediateedge.cloud\/pl\/wp-json\/wp\/v2\/types\/page"}],"author":[{"embeddable":true,"href":"https:\/\/immediateedge.cloud\/pl\/wp-json\/wp\/v2\/users\/8"}],"replies":[{"embeddable":true,"href":"https:\/\/immediateedge.cloud\/pl\/wp-json\/wp\/v2\/comments?post=1544"}],"version-history":[{"count":0,"href":"https:\/\/immediateedge.cloud\/pl\/wp-json\/wp\/v2\/pages\/1544\/revisions"}],"wp:attachment":[{"href":"https:\/\/immediateedge.cloud\/pl\/wp-json\/wp\/v2\/media?parent=1544"}],"curies":[{"name":"wp","href":"https:\/\/api.w.org\/{rel}","templated":true}]}}