{"id":1444,"date":"2021-03-05T09:54:16","date_gmt":"2021-03-05T09:54:16","guid":{"rendered":"https:\/\/immediateedge.cloud\/ochrana-osobnich-udaju\/"},"modified":"2024-09-01T12:44:39","modified_gmt":"2024-09-01T12:44:39","slug":"ochrana-osobnich-udaju","status":"publish","type":"page","link":"https:\/\/immediateedge.cloud\/cs\/ochrana-osobnich-udaju\/","title":{"rendered":"Ochrana osobn\u00edch \u00fadaj\u016f"},"content":{"rendered":"<?xml encoding=\"UTF-8\"><div class=\"gb-container gb-container-534154cf\">\n<div class=\"gb-container gb-container-7f135264\">\n\n<h1 class=\"bold text-center big-font contact-us-header\">Z&aacute;sady ochrany osobn&iacute;ch &uacute;daj&#367; softwaru<\/h1>\n<p>Kliknut&iacute;m na tla&#269;&iacute;tko &ldquo;Pokra&#269;ovat&rdquo; n&aacute;m d&aacute;v&aacute;te svolen&iacute; k zas&iacute;l&aacute;n&iacute; e-mail&#367; o na&scaron;ich nab&iacute;dk&aacute;ch. Pokud jste se rozhodli, &#382;e u&#382; nechcete dost&aacute;vat dal&scaron;&iacute; e-maily, m&#367;&#382;ete se kdykoli odhl&aacute;sit v doln&iacute; &#269;&aacute;sti ka&#382;d&eacute;ho e-mailu.<\/p>\n<p>Software respektuje soukrom&iacute; ka&#382;d&eacute;ho jednotlivce, kter&yacute; nav&scaron;t&iacute;v&iacute; na&scaron;e webov&eacute; str&aacute;nky. Toto prohl&aacute;&scaron;en&iacute; o ochran&#283; osobn&iacute;ch &uacute;daj&#367; informuje o standardech a podm&iacute;nk&aacute;ch, za kter&yacute;ch spole&#269;nost The Software chr&aacute;n&iacute; soukrom&iacute; informac&iacute; poskytovan&yacute;ch n&aacute;v&scaron;t&#283;vn&iacute;ky str&aacute;nek na World Wide Webu, kter&eacute; vlastn&iacute; a provozuje spole&#269;nost The Software, v&#269;etn&#283; spole&#269;nosti The Software a spole&#269;nosti The Software. Toto prohl&aacute;&scaron;en&iacute; o ochran&#283; osobn&iacute;ch &uacute;daj&#367; informuje o na&scaron;ich postupech shroma&#382;&#271;ov&aacute;n&iacute; informac&iacute; a o zp&#367;sobech, jak&yacute;mi mohou b&yacute;t va&scaron;e informace pou&#382;ity. Tyto z&aacute;sady se mohou &#269;as od &#269;asu m&#283;nit, proto si je pravideln&#283; ov&#283;&#345;ujte.<\/p>\n<h2>A. Osobn&#283; identifikovateln&eacute; informace:<\/h2>\n<p>Spole&#269;nost Software obvykle z&iacute;sk&aacute;v&aacute; konkr&eacute;tn&iacute; &uacute;daje o n&aacute;v&scaron;t&#283;vn&iacute;c&iacute;ch sv&yacute;ch webov&yacute;ch str&aacute;nek pouze tehdy, pokud jsou tyto informace poskytnuty dobrovoln&#283;, nap&#345;&iacute;klad kdy&#382; na&scaron;i n&aacute;v&scaron;t&#283;vn&iacute;ci po&#382;&aacute;daj&iacute; o informace, zakoup&iacute; nebo se p&#345;ihl&aacute;s&iacute; ke slu&#382;b&aacute;m, otev&#345;ou dotaz na z&aacute;kaznickou podporu, poskytnou informace o &#382;ivotopise pro pracovn&iacute; p&#345;&iacute;le&#382;itosti nebo n&aacute;m za&scaron;lou e-mail. N&#283;kter&eacute; z t&#283;chto &#269;innost&iacute; samoz&#345;ejm&#283; vy&#382;aduj&iacute;, abyste n&aacute;m poskytli informace, nap&#345;&iacute;klad kdy&#382; nakupujete, plat&iacute;te kreditn&iacute; kartou za slu&#382;by, odes&iacute;l&aacute;te sv&#367;j &#382;ivotopis nebo po&#382;adujete ur&#269;it&eacute; typy informac&iacute;. Pokud spole&#269;nosti The Software poskytnete osobn&iacute; &uacute;daje prost&#345;ednictv&iacute;m n&#283;kter&eacute; z na&scaron;ich webov&yacute;ch str&aacute;nek, budou pou&#382;ity ke spln&#283;n&iacute; va&scaron;eho konkr&eacute;tn&iacute;ho po&#382;adavku. Ve v&#283;t&scaron;in&#283; p&#345;&iacute;pad&#367; budete m&iacute;t mo&#382;nost zvolit, zda chcete, nebo nechcete, aby spole&#269;nost The Software tyto informace pou&#382;&iacute;vala k dal&scaron;&iacute;m &uacute;&#269;el&#367;m. M&#367;&#382;ete tak&eacute; po&#382;&aacute;dat, aby spole&#269;nost The Software va&scaron;e &uacute;daje nepou&#382;&iacute;vala, a to zasl&aacute;n&iacute;m e-mailu na adresu:&nbsp;support@fxrevenge.net. Spole&#269;nost The Software si v&scaron;ak vyhrazuje pr&aacute;vo zas&iacute;lat v&aacute;m podle sv&eacute;ho uv&aacute;&#382;en&iacute; bulletiny a dal&scaron;&iacute; d&#367;le&#382;it&eacute; informace o slu&#382;b&aacute;ch spole&#269;nosti The Software. Bez va&scaron;ich pokyn&#367; m&#367;&#382;e spole&#269;nost The Software pou&#382;&iacute;t v&aacute;mi poskytnut&eacute; informace k tomu, aby v&aacute;s informovala o dal&scaron;&iacute;ch slu&#382;b&aacute;ch a produktech nab&iacute;zen&yacute;ch rodinou spole&#269;nost&iacute; The Software, autorizovan&yacute;mi z&aacute;stupci spole&#269;nosti The Software a dal&scaron;&iacute;mi poskytovateli zbo&#382;&iacute; a slu&#382;eb, se kter&yacute;mi spole&#269;nost The Software spolupracuje a jejich&#382; nab&iacute;dka by v&aacute;s mohla zaj&iacute;mat. Software v&scaron;ak nebude prod&aacute;vat ani obchodovat s va&scaron;imi osobn&iacute;mi &uacute;daji, pokud k tomu nebudeme opr&aacute;vn&#283;ni nebo pokud to nebude vy&#382;adovat z&aacute;kon, nebo v p&#345;&iacute;pad&#283; hroz&iacute;c&iacute; fyzick&eacute; &uacute;jmy n&aacute;v&scaron;t&#283;vn&iacute;kovi nebo jin&yacute;m osob&aacute;m. Na t&#283;ch str&aacute;nk&aacute;ch spole&#269;nosti The Software, na kter&yacute;ch m&#367;&#382;ete spole&#269;nosti The Software prost&#345;ednictv&iacute;m webu poskytnout informace o kreditn&iacute; kart&#283; nebo jin&eacute; informace pro objedn&aacute;vku, spole&#269;nost The Software tyto informace chr&aacute;n&iacute; a zabezpe&#269;uje pomoc&iacute; komer&#269;n&#283; obvykl&yacute;ch webov&yacute;ch bezpe&#269;nostn&iacute;ch a &scaron;ifrovac&iacute;ch protokol&#367;, mezi n&#283;&#382; pat&#345;&iacute; nap&#345;&iacute;klad Secure Socket Layer (SSL) a Secure Electronic Transaction (SET). Na str&aacute;nk&aacute;ch, kde dobrovoln&#283; poskytnete jakoukoli zp&#283;tnou vazbu, &uacute;daje, odpov&#283;di, ot&aacute;zky, koment&aacute;&#345;e, n&aacute;vrhy, n&aacute;pady a podobn&#283;, bude spole&#269;nost The Software s touto &#269;&aacute;st&iacute; informac&iacute; nakl&aacute;dat jako s ned&#367;v&#283;rnou a nechr&aacute;n&#283;nou, a pokud nen&iacute; v tomto prohl&aacute;&scaron;en&iacute; o ochran&#283; osobn&iacute;ch &uacute;daj&#367; uvedeno jinak, spole&#269;nost The Software nep&#345;eb&iacute;r&aacute; &#382;&aacute;dnou povinnost chr&aacute;nit tyto informace p&#345;ed zve&#345;ejn&#283;n&iacute;m.<\/p>\n<p>P&#345;&iacute;klady v t&#283;chto materi&aacute;lech nelze pova&#382;ovat za p&#345;&iacute;slib nebo z&aacute;ruku v&yacute;d&#283;lku. V&yacute;d&#283;le&#269;n&yacute; potenci&aacute;l je zcela z&aacute;visl&yacute; na osob&#283;, kter&aacute; pou&#382;&iacute;v&aacute; n&aacute;&scaron; produkt, n&aacute;padech, technik&aacute;ch a vynalo&#382;en&eacute;m &uacute;sil&iacute;. Nepova&#382;ujeme to za &ldquo;syst&eacute;m zbohatnut&iacute;&rdquo; a ani vy byste to tak nem&#283;li vn&iacute;mat.<\/p>\n<h2>B. Neidentifikovateln&eacute; (obecn&eacute;) informace:<\/h2>\n<p>Software obecn&#283; shroma&#382;&#271;uje n&#283;kter&eacute; obecn&eacute; informace automaticky. Obecn&eacute; informace neodhaluj&iacute; identitu n&aacute;v&scaron;t&#283;vn&iacute;ka. Obvykle obsahuje informace o internetov&eacute; adrese p&#345;id&#283;len&eacute; va&scaron;emu po&#269;&iacute;ta&#269;i, po&#269;tu a frekvenci n&aacute;v&scaron;t&#283;vn&iacute;k&#367; a nav&scaron;t&iacute;ven&yacute;ch str&aacute;nk&aacute;ch The Software. Software shroma&#382;&#271;uje tyto informace pouze za &uacute;&#269;elem ur&#269;en&iacute; pot&#345;eb z&aacute;kaznick&yacute;ch slu&#382;eb a webov&yacute;ch str&aacute;nek. Toho dosahujeme pomoc&iacute; ur&#269;it&yacute;ch technologi&iacute;, v&#269;etn&#283; soubor&#367; &ldquo;cookies&rdquo; (technologie, kter&aacute; m&#367;&#382;e b&yacute;t pou&#382;ita k tomu, aby n&aacute;v&scaron;t&#283;vn&iacute;kovi poskytovala informace o slu&#382;b&aacute;ch spole&#269;nosti The Software na m&iacute;ru). Software nespojuje takto shrom&aacute;&#382;d&#283;n&eacute; informace s &#382;&aacute;dn&yacute;mi osobn&iacute;mi &uacute;daji. Prohl&iacute;&#382;e&#269; m&#367;&#382;ete nastavit tak, aby v&aacute;s upozornil na p&#345;ijet&iacute; souboru cookie, a m&#367;&#382;ete jej odm&iacute;tnout.<\/p>\n<h2>C. Va&scaron;e webov&eacute; str&aacute;nky, server, n&aacute;st&#283;nky, f&oacute;rum, str&aacute;nky t&#345;et&iacute;ch stran hostovan&eacute; softwarem:<\/h2>\n<p>Informace, kter&eacute; zve&#345;ejn&iacute;te ve ve&#345;ejn&eacute;m prostoru, v&#269;etn&#283; n&aacute;st&#283;nek, chat&#367; nebo webov&yacute;ch str&aacute;nek, kter&eacute; pro v&aacute;s spole&#269;nost The Software m&#367;&#382;e hostovat v r&aacute;mci sv&yacute;ch slu&#382;eb, jsou k dispozici v&scaron;em ostatn&iacute;m, kte&#345;&iacute; tento prostor nav&scaron;t&iacute;v&iacute;. Software nem&#367;&#382;e chr&aacute;nit &#382;&aacute;dn&eacute; informace, kter&eacute; na t&#283;chto m&iacute;stech zve&#345;ejn&iacute;te. Webov&eacute; str&aacute;nky spole&#269;nosti The Software nav&iacute;c obsahuj&iacute; odkazy na str&aacute;nky t&#345;et&iacute;ch stran, kter&eacute; se spole&#269;nost&iacute; The Software nesouvisej&iacute;. Software nem&#367;&#382;e chr&aacute;nit &#382;&aacute;dn&eacute; informace, kter&eacute; m&#367;&#382;ete na t&#283;chto str&aacute;nk&aacute;ch zve&#345;ejnit, a doporu&#269;uje v&aacute;m, abyste si p&#345;e&#269;etli prohl&aacute;&scaron;en&iacute; o ochran&#283; osobn&iacute;ch &uacute;daj&#367; t&#283;chto str&aacute;nek, kter&eacute; nav&scaron;t&iacute;v&iacute;te.<\/p>\n<h2>D. V&yacute;jimky a omezen&iacute;:<\/h2>\n<div id=\"inner_content-2-25\" class=\"ct-inner-content\">\n<section id=\"section-5-28\" class=\" ct-section\">\n<div class=\"ct-section-inner-wrap\">\n<div id=\"inner_content-6-28\" class=\"ct-inner-content\">\n<p>Bez ohledu na v&yacute;&scaron;e uveden&eacute; a v souladu s platn&yacute;mi z&aacute;kony m&#367;&#382;e Software (i) pln&#283; spolupracuje se st&aacute;tn&iacute;mi, m&iacute;stn&iacute;mi a feder&aacute;ln&iacute;mi &uacute;&#345;ady p&#345;i jak&eacute;mkoli vy&scaron;et&#345;ov&aacute;n&iacute; t&yacute;kaj&iacute;c&iacute;m se jak&eacute;hokoli obsahu (v&#269;etn&#283; osobn&iacute; nebo soukrom&eacute; elektronick&eacute; komunikace p&#345;en&aacute;&scaron;en&eacute; do Softwaru) nebo &uacute;dajn&eacute; nez&aacute;konn&eacute; &#269;innosti jak&eacute;hokoli u&#382;ivatele Slu&#382;by a (ii) p&#345;ijme p&#345;im&#283;&#345;en&aacute; opat&#345;en&iacute; na ochranu sv&yacute;ch vlastnick&yacute;ch pr&aacute;v. Pro omezen&eacute; &uacute;&#269;ely dosa&#382;en&iacute; takov&eacute; spolupr&aacute;ce a opat&#345;en&iacute; a v souladu s platn&yacute;mi z&aacute;kony m&#367;&#382;e b&yacute;t spole&#269;nost The Software po&#382;&aacute;d&aacute;na o zve&#345;ejn&#283;n&iacute; osobn&iacute;ch &uacute;daj&#367;. Krom&#283; toho se spole&#269;nost The Software m&#367;&#382;e rozhodnout monitorovat oblasti komunikace jak&eacute;hokoli druhu. (i) pro spln&#283;n&iacute; jak&eacute;hokoli z&aacute;kona, na&#345;&iacute;zen&iacute; nebo vl&aacute;dn&iacute; &#382;&aacute;dosti; (ii) pokud je takov&eacute; zve&#345;ejn&#283;n&iacute; nezbytn&eacute; nebo vhodn&eacute; pro provozov&aacute;n&iacute; softwaru; nebo (iii) k ochran&#283; pr&aacute;v nebo majetku spole&#269;nosti The Software nebo jin&yacute;ch osob. V souvislosti s p&#345;&iacute;padn&yacute;m prodejem nebo p&#345;evodem jak&eacute;hokoli pod&iacute;lu v The Software a The Software a dal&scaron;&iacute;ch str&aacute;nk&aacute;ch vlastn&#283;n&yacute;ch spole&#269;nost&iacute; si The Software vyhrazuje pr&aacute;vo prodat nebo p&#345;ev&eacute;st va&scaron;e &uacute;daje (v&#269;etn&#283; , ale ne pouze jm&eacute;na, informac&iacute; o adrese a dal&scaron;&iacute;ch informac&iacute;, kter&eacute; jste The Software poskytli) t&#345;et&iacute; stran&#283;, kter&aacute; (i) soust&#345;e&#271;uje sv&eacute; podnik&aacute;n&iacute; na komunika&#269;n&iacute; produkty nebo slu&#382;by; (ii) souhlas&iacute; s t&iacute;m, &#382;e bude pr&aacute;vn&iacute;m n&aacute;stupcem softwaru, pokud jde o &uacute;dr&#382;bu a ochranu informac&iacute; shroma&#382;&#271;ovan&yacute;ch a uchov&aacute;van&yacute;ch softwarem; a (iii) souhlas&iacute; se z&aacute;vazky vypl&yacute;vaj&iacute;c&iacute;mi z tohoto prohl&aacute;&scaron;en&iacute; o z&aacute;sad&aacute;ch.<\/p>\n<\/div>\n<\/div>\n<\/section>\n<\/div>\n\n<\/div>\n<\/div>\n","protected":false},"excerpt":{"rendered":"<p>Z&aacute;sady ochrany osobn&iacute;ch &uacute;daj&#367; softwaru Kliknut&iacute;m na tla&#269;&iacute;tko &ldquo;Pokra&#269;ovat&rdquo; n&aacute;m d&aacute;v&aacute;te svolen&iacute; k zas&iacute;l&aacute;n&iacute; e-mail&#367; o na&scaron;ich nab&iacute;dk&aacute;ch. Pokud jste se rozhodli, &#382;e u&#382; nechcete dost&aacute;vat dal&scaron;&iacute; e-maily, m&#367;&#382;ete se kdykoli odhl&aacute;sit v doln&iacute; &#269;&aacute;sti ka&#382;d&eacute;ho e-mailu. Software respektuje soukrom&iacute; ka&#382;d&eacute;ho jednotlivce, kter&yacute; nav&scaron;t&iacute;v&iacute; na&scaron;e webov&eacute; str&aacute;nky. Toto prohl&aacute;&scaron;en&iacute; o ochran&#283; osobn&iacute;ch &uacute;daj&#367; informuje o &#8230; <a title=\"Ochrana osobn\u00edch \u00fadaj\u016f\" class=\"read-more\" href=\"https:\/\/immediateedge.cloud\/cs\/ochrana-osobnich-udaju\/\" aria-label=\"\u010c\u00edst v\u00edce o Ochrana osobn\u00edch \u00fadaj\u016f\">Read more<\/a><\/p>\n","protected":false},"author":8,"featured_media":0,"parent":0,"menu_order":0,"comment_status":"closed","ping_status":"closed","template":"","meta":{"footnotes":""},"class_list":["post-1444","page","type-page","status-publish"],"_links":{"self":[{"href":"https:\/\/immediateedge.cloud\/cs\/wp-json\/wp\/v2\/pages\/1444","targetHints":{"allow":["GET"]}}],"collection":[{"href":"https:\/\/immediateedge.cloud\/cs\/wp-json\/wp\/v2\/pages"}],"about":[{"href":"https:\/\/immediateedge.cloud\/cs\/wp-json\/wp\/v2\/types\/page"}],"author":[{"embeddable":true,"href":"https:\/\/immediateedge.cloud\/cs\/wp-json\/wp\/v2\/users\/8"}],"replies":[{"embeddable":true,"href":"https:\/\/immediateedge.cloud\/cs\/wp-json\/wp\/v2\/comments?post=1444"}],"version-history":[{"count":0,"href":"https:\/\/immediateedge.cloud\/cs\/wp-json\/wp\/v2\/pages\/1444\/revisions"}],"wp:attachment":[{"href":"https:\/\/immediateedge.cloud\/cs\/wp-json\/wp\/v2\/media?parent=1444"}],"curies":[{"name":"wp","href":"https:\/\/api.w.org\/{rel}","templated":true}]}}