{"id":1368,"date":"2021-03-05T09:53:53","date_gmt":"2021-03-05T09:53:53","guid":{"rendered":"https:\/\/immediateedge.cloud\/prihlaseni\/"},"modified":"2025-01-05T08:52:24","modified_gmt":"2025-01-05T08:52:24","slug":"prihlaseni","status":"publish","type":"page","link":"https:\/\/immediateedge.cloud\/cs\/prihlaseni\/","title":{"rendered":"P\u0159ihl\u00e1\u0161en\u00ed"},"content":{"rendered":"<?xml encoding=\"UTF-8\"><div class=\"gb-container gb-container-b79479fe\">\n<div class=\"gb-container gb-container-b2c6101c\">\n\n<h1 class=\"gb-headline gb-headline-3aaf0b6d gb-headline-text\"><strong>K_00001 <mark class=\"gb-highlight\">P&#345;ihl&aacute;&scaron;en&iacute;<\/mark><\/strong><\/h1>\n\n\n\n<h2 class=\"gb-headline gb-headline-5f193e7a gb-headline-text\">Jste ji&#382; &#269;lenem komunity K_00002 ?<\/h2>\n\n\n\n<h3 class=\"gb-headline gb-headline-4a211fe0 gb-headline-text\">Chcete-li zah&aacute;jit &#382;iv&eacute; obchodov&aacute;n&iacute;, zadejte n&iacute;&#382;e sv&eacute; p&#345;ihla&scaron;ovac&iacute; &uacute;daje<\/h3>\n\n\n<div class=\"gb-container gb-container-fefec04a\">\n<div class=\"gb-grid-wrapper gb-grid-wrapper-67977595\">\n<div class=\"gb-grid-column gb-grid-column-b7175d14\"><div class=\"gb-container gb-container-b7175d14\"><\/div><\/div>\n\n<div class=\"gb-grid-column gb-grid-column-53525c5d\"><div class=\"gb-container gb-container-53525c5d\">\n<div class=\"gb-container gb-container-4fc8208c\">\n\n<p class=\"gb-headline gb-headline-21d17bd0 gb-headline-text\"><strong>Zaregistrujte se zdarma nebo se p&#345;ihlaste<\/strong><\/p>\n\n\n<?xml encoding=\"UTF-8\"><script>\n        localStorage.setItem('fxbot_ab_testing', '{\"login\":[],\"registration\":[],\"contactus\":[]}');\n    <\/script><style>\n        .reCAPTCHAContent {\n            display: none;\n            visibility: hidden;\n        }\n    <\/style><script>\n    localStorage.setItem('fxbot_api_parameters', '[{\"key\":\"emailmarketing\",\"value\":\"1\",\"override\":true},{\"key\":\"funnel\",\"value\":\"KW_F_00001\",\"override\":true}]');\n    localStorage.setItem('fxbot_alias_url', 'wp-content\/plugins\/fxbot-registration-form\/api.php');\n    localStorage.setItem('fxbot_email_marketing', '1');\n    localStorage.setItem('fxbot_email_marketing_debounce', 'true');\n    localStorage.setItem('fxbot_email_marketing_debounce_time', '1000');\n    localStorage.setItem('fxbot_recaptcha_enabled', 'false');\n    localStorage.setItem('fxbot_recaptcha_site_key', 'EMPTY');\n    localStorage.setItem('fxbot_alt_reg_popup_query_selector', '');\n    localStorage.setItem('fxbot_redirectVariant', '0');\n<\/script><div class=\"form-widget\" id=\"optInFormWrapper\">\n    <form action=\"\" class=\"flex flex-column\" data-form=\"optInForm\" data-urlsearchparams=\"\" data-widget=\"registration_2_step\" id=\"opt-form\" method=\"post\" name=\"optInForm\">\n        <div class=\"elementor-field-type-text elementor-field-group elementor-column elementor-field-group-name elementor-col-100 form-group\">\n            <label for=\"form-first_name\" class=\"elementor-field-label elementor-screen-only\">Jm&eacute;no<\/label>\n            <input class=\"elementor-field elementor-size-sm  elementor-field-textual regFormFirstName\" placeholder=\"Jm&eacute;no\" data-input=\"firstname\" data-valid=\"false\" id=\"form-first_name\" name=\"firstname\" size=\"1\" type=\"text\">\n            <p class=\"error-message\"><\/p>\n        <\/div>\n\n        <div class=\"elementor-field-type-text elementor-field-group elementor-column elementor-field-group-name elementor-col-100 form-group\">\n            <label for=\"form-last_name\" class=\"elementor-field-label elementor-screen-only\">P&#345;&iacute;jmen&iacute;<\/label>\n            <input class=\"elementor-field elementor-size-sm elementor-field-textual regFormLastNname\" placeholder=\"P&#345;&iacute;jmen&iacute;\" data-input=\"lastname\" data-valid=\"false\" id=\"form-last_name\" name=\"lastname\" size=\"1\" type=\"text\">\n            <p class=\"error-message\"><\/p>\n        <\/div>\n\n        <div class=\"form-group elementor-field-type-text elementor-field-group elementor-column elementor-field-group-name elementor-col-100\">\n            <label class=\"elementor-field-label elementor-screen-only\" for=\"form-email\">E-mailem<\/label>\n            <input class=\"regFormEmail elementor-field elementor-size-sm elementor-field-textual\" placeholder=\"E-mailem\" data-input=\"email\" data-valid=\"false\" id=\"form-email\" name=\"email\" type=\"email\">\n            <p class=\"error-message\"><\/p>\n            <div class=\"form-group__emailValid-info\">\n                <span class=\"form-group__emailValid-message\"><span>M&#283;li jste na mysli<\/span> <b><\/b>?<\/span> <span class=\"form-group__emailValid-btn\">Nahradit<\/span>            <\/div>\n        <\/div>\n\n        <p class=\"reCAPTCHAContent\">\n            Tento web je chr&aacute;n&#283;n reCAPTCHA a plat&iacute; <a href=\"https:\/\/policies.google.com\/privacy\/cs\/\" target=\"_blank\" rel=\"noopener\">Z&aacute;sady ochrany osobn&iacute;ch &uacute;daj&#367; Google<\/a> a <a href=\"https:\/\/policies.google.com\/terms\/cs\/\" target=\"_blank\" rel=\"noopener\">Podm&iacute;nky slu&#382;by<\/a>.        <\/p>\n\n        <button class=\"zoom regFormButton elementor-button elementor-size-sm\" data-button=\"submit\" id=\"optInForm-btn\">\n            Zaregistrujte se nyn&iacute; bezpe&#269;n&#283;        <\/button>\n    <\/form>\n<\/div><div class=\"form-widget\" id=\"regFormWrapper\" style=\"visibility: hidden; width: 0; height:0\">\n    <form action=\"\" class=\"flex flex-column\" data-form=\"registrationForm\" data-urlsearchparams=\"\" data-widget=\"registration_2_step\" id=\"reg-form\" method=\"post\" name=\"registrationForm\">\n        <div class=\"elementor-field-type-text elementor-field-group elementor-column elementor-field-group-name elementor-col-100 form-group\">\n            <label for=\"form-first_name\" class=\"elementor-field-label elementor-screen-only\">Jm&eacute;no<\/label>\n            <input class=\"elementor-field elementor-size-sm  elementor-field-textual regFormFirstName\" placeholder=\"Jm&eacute;no\" data-input=\"firstname\" data-valid=\"false\" id=\"form-first_name\" name=\"firstname\" size=\"1\" type=\"text\">\n            <p class=\"error-message\"><\/p>\n        <\/div>\n\n        <div class=\"elementor-field-type-text elementor-field-group elementor-column elementor-field-group-name elementor-col-100 form-group\">\n            <label for=\"form-last_name\" class=\"elementor-field-label elementor-screen-only\">P&#345;&iacute;jmen&iacute;<\/label>\n            <input class=\"elementor-field elementor-size-sm elementor-field-textual regFormLastNname\" placeholder=\"P&#345;&iacute;jmen&iacute;\" data-input=\"lastname\" data-valid=\"false\" id=\"form-last_name\" name=\"lastname\" size=\"1\" type=\"text\">\n            <p class=\"error-message\"><\/p>\n        <\/div>\n\n        <div class=\"elementor-field-type-text elementor-field-group elementor-column elementor-field-group-name elementor-col-100 form-group form-group__emailValid\">\n            <label class=\"elementor-field-label elementor-screen-only\" for=\"form-email\">E-mailem<\/label>\n            <input class=\"elementor-field elementor-size-sm elementor-field-textual regFormEmail\" placeholder=\"E-mailem\" data-input=\"email\" data-valid=\"false\" id=\"form-email\" name=\"email\" type=\"email\">\n            <p class=\"error-message\"><\/p>\n            <p class=\"form-group__emailValid-info\">\n                <span class=\"form-group__emailValid-message\"><span>M&#283;li jste na mysli<\/span> <b><\/b>?<\/span> <span class=\"form-group__emailValid-btn\">Nahradit<\/span>            <\/p>\n        <\/div>\n\n        <div class=\"elementor-field-type-tel elementor-field-group elementor-column elementor-field-group-field_fad38fc elementor-col-100 form-group reg-phone\">\n            <label class=\"elementor-field-label elementor-screen-only\" for=\"form-phone_number\">Telefonn&iacute; &#269;&iacute;slo<\/label>\n            <input class=\"elementor-field elementor-size-sm elementor-field-textual regFormPhoneNumber\" placeholder=\"Telefonn&iacute; &#269;&iacute;slo\" autocompvare=\"off\" data-input=\"phone_number\" data-valid=\"false\" id=\"form-phone_number\" name=\"phone_number\" size=\"1\" type=\"text\">\n            <p class=\"error-message\"><\/p>\n        <\/div>\n\n        <p class=\"reCAPTCHAContent\">\n            Tento web je chr&aacute;n&#283;n reCAPTCHA a plat&iacute; <a href=\"https:\/\/policies.google.com\/privacy\/cs\/\" target=\"_blank\" rel=\"noopener\">Z&aacute;sady ochrany osobn&iacute;ch &uacute;daj&#367; Google<\/a> a <a href=\"https:\/\/policies.google.com\/terms\/cs\/\" target=\"_blank\" rel=\"noopener\">Podm&iacute;nky slu&#382;by<\/a>.        <\/p>\n\n        <button class=\"elementor-button zoom regFormButton\" data-button=\"submit\" id=\"form-btn\" type=\"button\">\n            Zaregistrujte se nyn&iacute; bezpe&#269;n&#283;        <\/button>\n\n        <div class=\"wrapper__rar-no\" data-modal=\"success\" style=\"display: none\">\n            <div class=\"success\">\n                <img decoding=\"async\" src=\"\/wp-content\/plugins\/fxbot-registration-form\/assets\/images\/regSuccess.png\" alt=\"D&#283;kujeme za registraci\" title=\"\">\n                <p>D&#283;kujeme za registraci.<br> N&aacute;&scaron; agent v&aacute;s brzy kontaktuje.<br> Ujist&#283;te se, &#382;e jste pou&#382;ili skute&#269;n&eacute; telefonn&iacute; &#269;&iacute;slo.<br> D&iacute;ky.<\/p>\n            <\/div>\n        <\/div>\n\n        <div class=\"wrapper__rar-no\" data-modal=\"alternative_success\" style=\"display: none\">\n            <div class=\"success\">\n                <p class=\"reg_title\">\n                    <b>&Uacute;sp&#283;&scaron;n&#283; jste se p&#345;ipojili.<\/b>\n                <\/p>\n                <p>Z&aacute;stupce spole&#269;nosti v&aacute;s brzy kontaktuje. Ujist&#283;te se, &#382;e jste k dispozici telefonicky, abyste nezme&scaron;kali hovor.<\/p>\n            <\/div>\n        <\/div>\n\n        <div class=\"wrapper__error\" data-modal=\"error\" style=\"display: none\"><\/div>\n    <\/form>\n<\/div><div class=\"submit-overlay\" style=\"display: none;\">\n    <div class=\"lds-spinner\">\n        <div><\/div>\n        <div><\/div>\n        <div><\/div>\n        <div><\/div>\n        <div><\/div>\n        <div><\/div>\n        <div><\/div>\n        <div><\/div>\n    <\/div>\n    <p class=\"overlay-text\">Spoj&iacute;me v&aacute;s s nejlep&scaron;&iacute;m makl&eacute;&#345;em ve va&scaron;&iacute; oblasti<\/p>\n<\/div>\n\n\n<\/div>\n<\/div><\/div>\n\n<div class=\"gb-grid-column gb-grid-column-97f29b5b\"><div class=\"gb-container gb-container-97f29b5b\"><\/div><\/div>\n<\/div>\n<\/div>\n\n\n<p class=\"gb-headline gb-headline-12590056 gb-headline-text\">Pamatujte, &#382;e pou&#382;&iacute;v&aacute;n&iacute; K_00003 Ai je 100% ZDARMA bez skryt&yacute;ch n&aacute;klad&#367;, &#269;lensk&eacute;ho poplatku nebo provize za v&yacute;b&#283;r. V&scaron;echny zisky z &uacute;sp&#283;&scaron;n&yacute;ch obchod&#367; si m&#367;&#382;ete vybrat nebo znovu investovat. Z&#367;statek na &uacute;&#269;tu m&#367;&#382;ete kdykoli a bez poplatk&#367; vybrat.<\/p>\n\n\n\n<p class=\"gb-headline gb-headline-9f212572 gb-headline-text\">Pokud je&scaron;t&#283; nejste &#269;lenem a chcete se p&#345;ipojit ke komunit&#283; K_00001 &ndash; vypl&#328;te n&iacute;&#382;e uveden&yacute; registra&#269;n&iacute; formul&aacute;&#345;!<\/p>\n\n\n\n<p class=\"gb-headline gb-headline-e09c79ea gb-headline-text\">Pokud jste se je&scaron;t&#283; nep&#345;ipojili ke komunit&#283; K_00001 , v&scaron;e, co mus&iacute;te ud&#283;lat, abyste se stali &#269;lenem, je vyplnit a odeslat kr&aacute;tk&yacute; registra&#269;n&iacute; formul&aacute;&#345; n&iacute;&#382;e. Registrace a &#269;lenstv&iacute; jsou ZDARMA!<\/p>\n\n<\/div>\n<\/div>\n","protected":false},"excerpt":{"rendered":"<p>K_00001 P&#345;ihl&aacute;&scaron;en&iacute; Jste ji&#382; &#269;lenem komunity K_00002 ? Chcete-li zah&aacute;jit &#382;iv&eacute; obchodov&aacute;n&iacute;, zadejte n&iacute;&#382;e sv&eacute; p&#345;ihla&scaron;ovac&iacute; &uacute;daje Pamatujte, &#382;e pou&#382;&iacute;v&aacute;n&iacute; K_00003 Ai je 100% ZDARMA bez skryt&yacute;ch n&aacute;klad&#367;, &#269;lensk&eacute;ho poplatku nebo provize za v&yacute;b&#283;r. V&scaron;echny zisky z &uacute;sp&#283;&scaron;n&yacute;ch obchod&#367; si m&#367;&#382;ete vybrat nebo znovu investovat. Z&#367;statek na &uacute;&#269;tu m&#367;&#382;ete kdykoli a bez poplatk&#367; vybrat. Pokud &#8230; <a title=\"P\u0159ihl\u00e1\u0161en\u00ed\" class=\"read-more\" href=\"https:\/\/immediateedge.cloud\/cs\/prihlaseni\/\" aria-label=\"\u010c\u00edst v\u00edce o P\u0159ihl\u00e1\u0161en\u00ed\">Read more<\/a><\/p>\n","protected":false},"author":8,"featured_media":0,"parent":0,"menu_order":0,"comment_status":"closed","ping_status":"closed","template":"","meta":{"footnotes":""},"class_list":["post-1368","page","type-page","status-publish"],"_links":{"self":[{"href":"https:\/\/immediateedge.cloud\/cs\/wp-json\/wp\/v2\/pages\/1368","targetHints":{"allow":["GET"]}}],"collection":[{"href":"https:\/\/immediateedge.cloud\/cs\/wp-json\/wp\/v2\/pages"}],"about":[{"href":"https:\/\/immediateedge.cloud\/cs\/wp-json\/wp\/v2\/types\/page"}],"author":[{"embeddable":true,"href":"https:\/\/immediateedge.cloud\/cs\/wp-json\/wp\/v2\/users\/8"}],"replies":[{"embeddable":true,"href":"https:\/\/immediateedge.cloud\/cs\/wp-json\/wp\/v2\/comments?post=1368"}],"version-history":[{"count":3,"href":"https:\/\/immediateedge.cloud\/cs\/wp-json\/wp\/v2\/pages\/1368\/revisions"}],"predecessor-version":[{"id":13345,"href":"https:\/\/immediateedge.cloud\/cs\/wp-json\/wp\/v2\/pages\/1368\/revisions\/13345"}],"wp:attachment":[{"href":"https:\/\/immediateedge.cloud\/cs\/wp-json\/wp\/v2\/media?parent=1368"}],"curies":[{"name":"wp","href":"https:\/\/api.w.org\/{rel}","templated":true}]}}